{"id":1621,"date":"2024-04-03T15:01:28","date_gmt":"2024-04-03T15:01:28","guid":{"rendered":"https:\/\/radikaljetski.com\/?post_type=product&#038;p=1621"},"modified":"2024-04-24T15:19:22","modified_gmt":"2024-04-24T15:19:22","slug":"crazy-ufo-banana-boat","status":"publish","type":"product","link":"https:\/\/radikaljetski.com\/es\/producto\/crazy-ufo-banana-boat\/","title":{"rendered":"Crazy UFO y Twister"},"content":{"rendered":"<p><strong>\u00a1Experimenta la emoci\u00f3n del Crazy UFO en Radikal Jet Ski en Tenerife!<\/strong><\/p>\n<p>Sum\u00e9rgete en el coraz\u00f3n de la emoci\u00f3n y vive la aventura de tu vida con el Crazy UFO en Radikal Jet Ski, el destino n\u00famero uno de deportes acu\u00e1ticos en Tenerife. Ubicada en el impresionante Puerto Col\u00f3n, Playa de las Am\u00e9ricas, nuestra experiencia exclusiva promete no solo un paseo, sino un viaje inolvidable a trav\u00e9s de las aguas brillantes de Santa Cruz de Tenerife, Espa\u00f1a.<\/p>\n<p>\u00bfPor qu\u00e9 conformarte con lo ordinario cuando puedes volar, salpicar y re\u00edr a trav\u00e9s de las olas en nuestro emocionante Crazy UFO? Dise\u00f1ado tanto para buscadores de adrenalina como para entusiastas del agua, este paseo inflable \u00fanico combina emociones de alta velocidad con la impresionante belleza de la costa de Tenerife. Ya sea que est\u00e9s planeando una salida familiar, una cita aventurera o un d\u00eda divertido con amigos, el Crazy UFO ofrece diversi\u00f3n sin igual bajo el sol.<\/p>\n<p><strong>\u00bfPor Qu\u00e9 Elegir Radikal Jet Ski?<\/strong><\/p>\n<ul>\n<li><strong>Emoci\u00f3n Inigualable:<\/strong> Siente la adrenalina mientras deslizas, saltas y giras sobre las olas en el Crazy UFO, asegurado con firmeza pero salvajemente libre.<\/li>\n<li><strong>Escenario Espectacular:<\/strong> Disfruta de las vistas majestuosas de la costa de Tenerife, un tel\u00f3n de fondo perfecto para una aventura emocionante.<\/li>\n<li><strong>La Seguridad Ante Todo:<\/strong> Tu seguridad es nuestra prioridad. Nuestro personal experimentado y amigable garantiza una experiencia segura sin comprometer la diversi\u00f3n.<\/li>\n<li><strong>Para Todos:<\/strong> \u00bfSin experiencia? \u00a1No hay problema! El Crazy UFO est\u00e1 dise\u00f1ado para todas las edades y niveles de habilidad, lo que lo hace la actividad perfecta para todos.<\/li>\n<\/ul>\n<p>Sum\u00e9rgete en la magia de las aguas de Tenerife, donde el sol brilla m\u00e1s fuerte y las aventuras son ilimitadas. Radikal Jet Ski te ofrece la oportunidad de crear recuerdos que durar\u00e1n toda la vida, todo mientras disfrutas de las comodidades de primera categor\u00eda y el servicio amigable que nos han convertido en el l\u00edder en diversi\u00f3n acu\u00e1tica.<\/p>\n<p>No te quedes solo con nuestra palabra, ven y experimenta la alegr\u00eda y emoci\u00f3n del Crazy UFO. \u00danete a nosotros en Puerto Col\u00f3n, Playa de las Am\u00e9ricas, y que comience tu aventura. Reserva tu paseo hoy y prep\u00e1rate para un viaje inolvidable con Radikal Jet Ski, donde cada salpicadura cuenta una historia.<\/p>\n<p><strong>Tu aventura te espera&#8230; \u00bfEst\u00e1s listo para cabalgar la ola de la emoci\u00f3n?<\/strong><\/p>","protected":false},"excerpt":{"rendered":"<p>\u00a1Experimenta la Emoci\u00f3n del Crazy UFO en Radikal Jet Ski en Tenerife! Sum\u00e9rgete en el coraz\u00f3n de la emoci\u00f3n y abraza la aventura de tu vida con el Crazy UFO en Radikal Jet Ski, el destino n\u00famero uno de deportes acu\u00e1ticos en Tenerife. Ubicada en el impresionante Puerto Col\u00f3n, Playa de las Am\u00e9ricas, nuestra experiencia [&hellip;]<\/p>\n","protected":false},"featured_media":1622,"comment_status":"open","ping_status":"closed","template":"","meta":{"_acf_changed":false,"_joinchat":[]},"product_brand":[],"product_cat":[137],"product_tag":[],"class_list":{"0":"post-1621","1":"product","2":"type-product","3":"status-publish","4":"has-post-thumbnail","6":"product_cat-crazy-ufo","8":"first","9":"instock","10":"virtual","11":"purchasable","12":"product-type-simple"},"acf":[],"yoast_head":"<!-- This site is optimized with the Yoast SEO plugin v27.4 - https:\/\/yoast.com\/product\/yoast-seo-wordpress\/ -->\n<title>Crazy Ufo &amp; Twister - Radikal Jet Ski<\/title>\n<meta name=\"robots\" content=\"index, follow, max-snippet:-1, max-image-preview:large, max-video-preview:-1\" \/>\n<link rel=\"canonical\" href=\"https:\/\/radikaljetski.com\/es\/product\/crazy-ufo-banana-boat\/\" \/>\n<meta property=\"og:locale\" content=\"es_ES\" \/>\n<meta property=\"og:type\" content=\"article\" \/>\n<meta property=\"og:title\" content=\"Crazy Ufo &amp; Twister - Radikal Jet Ski\" \/>\n<meta property=\"og:description\" content=\"\u00a1Experimenta la Emoci\u00f3n del Crazy UFO en Radikal Jet Ski en Tenerife! Sum\u00e9rgete en el coraz\u00f3n de la emoci\u00f3n y abraza la aventura de tu vida con el Crazy UFO en Radikal Jet Ski, el destino n\u00famero uno de deportes acu\u00e1ticos en Tenerife. Ubicada en el impresionante Puerto Col\u00f3n, Playa de las Am\u00e9ricas, nuestra experiencia [&hellip;]\" \/>\n<meta property=\"og:url\" content=\"https:\/\/radikaljetski.com\/es\/product\/crazy-ufo-banana-boat\/\" \/>\n<meta property=\"og:site_name\" content=\"Radikal Jet Ski\" \/>\n<meta property=\"article:publisher\" content=\"https:\/\/www.facebook.com\/Radikal-Jet-Ski-961774450591967\/\" \/>\n<meta property=\"article:modified_time\" content=\"2024-04-24T15:19:22+00:00\" \/>\n<meta property=\"og:image\" content=\"https:\/\/radikaljetski.com\/wp-content\/uploads\/2024\/02\/banana-boat-1.jpg\" \/>\n\t<meta property=\"og:image:width\" content=\"1200\" \/>\n\t<meta property=\"og:image:height\" content=\"800\" \/>\n\t<meta property=\"og:image:type\" content=\"image\/jpeg\" \/>\n<meta name=\"twitter:card\" content=\"summary_large_image\" \/>\n<meta name=\"twitter:label1\" content=\"Tiempo de lectura\" \/>\n\t<meta name=\"twitter:data1\" content=\"2 minutos\" \/>\n<script type=\"application\/ld+json\" class=\"yoast-schema-graph\">{\"@context\":\"https:\\\/\\\/schema.org\",\"@graph\":[{\"@type\":\"WebPage\",\"@id\":\"https:\\\/\\\/radikaljetski.com\\\/es\\\/product\\\/crazy-ufo-banana-boat\\\/\",\"url\":\"https:\\\/\\\/radikaljetski.com\\\/es\\\/product\\\/crazy-ufo-banana-boat\\\/\",\"name\":\"Crazy Ufo & Twister - Radikal Jet Ski\",\"isPartOf\":{\"@id\":\"https:\\\/\\\/radikaljetski.com\\\/#website\"},\"primaryImageOfPage\":{\"@id\":\"https:\\\/\\\/radikaljetski.com\\\/es\\\/product\\\/crazy-ufo-banana-boat\\\/#primaryimage\"},\"image\":{\"@id\":\"https:\\\/\\\/radikaljetski.com\\\/es\\\/product\\\/crazy-ufo-banana-boat\\\/#primaryimage\"},\"thumbnailUrl\":\"https:\\\/\\\/radikaljetski.com\\\/wp-content\\\/uploads\\\/2024\\\/02\\\/banana-boat-1.jpg\",\"datePublished\":\"2024-04-03T15:01:28+00:00\",\"dateModified\":\"2024-04-24T15:19:22+00:00\",\"breadcrumb\":{\"@id\":\"https:\\\/\\\/radikaljetski.com\\\/es\\\/product\\\/crazy-ufo-banana-boat\\\/#breadcrumb\"},\"inLanguage\":\"es\",\"potentialAction\":[{\"@type\":\"ReadAction\",\"target\":[\"https:\\\/\\\/radikaljetski.com\\\/es\\\/product\\\/crazy-ufo-banana-boat\\\/\"]}]},{\"@type\":\"ImageObject\",\"inLanguage\":\"es\",\"@id\":\"https:\\\/\\\/radikaljetski.com\\\/es\\\/product\\\/crazy-ufo-banana-boat\\\/#primaryimage\",\"url\":\"https:\\\/\\\/radikaljetski.com\\\/wp-content\\\/uploads\\\/2024\\\/02\\\/banana-boat-1.jpg\",\"contentUrl\":\"https:\\\/\\\/radikaljetski.com\\\/wp-content\\\/uploads\\\/2024\\\/02\\\/banana-boat-1.jpg\",\"width\":1200,\"height\":800},{\"@type\":\"BreadcrumbList\",\"@id\":\"https:\\\/\\\/radikaljetski.com\\\/es\\\/product\\\/crazy-ufo-banana-boat\\\/#breadcrumb\",\"itemListElement\":[{\"@type\":\"ListItem\",\"position\":1,\"name\":\"Home\",\"item\":\"https:\\\/\\\/radikaljetski.com\\\/\"},{\"@type\":\"ListItem\",\"position\":2,\"name\":\"Shop\",\"item\":\"https:\\\/\\\/radikaljetski.com\\\/shop\\\/\"},{\"@type\":\"ListItem\",\"position\":3,\"name\":\"Crazy Ufo &#038; Twister\"}]},{\"@type\":\"WebSite\",\"@id\":\"https:\\\/\\\/radikaljetski.com\\\/#website\",\"url\":\"https:\\\/\\\/radikaljetski.com\\\/\",\"name\":\"Radikal Jet Ski\",\"description\":\"Jet Ski Safari Tenerife - Puerto Colon , Costa Adeje.\",\"publisher\":{\"@id\":\"https:\\\/\\\/radikaljetski.com\\\/#organization\"},\"potentialAction\":[{\"@type\":\"SearchAction\",\"target\":{\"@type\":\"EntryPoint\",\"urlTemplate\":\"https:\\\/\\\/radikaljetski.com\\\/?s={search_term_string}\"},\"query-input\":{\"@type\":\"PropertyValueSpecification\",\"valueRequired\":true,\"valueName\":\"search_term_string\"}}],\"inLanguage\":\"es\"},{\"@type\":\"Organization\",\"@id\":\"https:\\\/\\\/radikaljetski.com\\\/#organization\",\"name\":\"Radikal Jet Ski\",\"url\":\"https:\\\/\\\/radikaljetski.com\\\/\",\"logo\":{\"@type\":\"ImageObject\",\"inLanguage\":\"es\",\"@id\":\"https:\\\/\\\/radikaljetski.com\\\/#\\\/schema\\\/logo\\\/image\\\/\",\"url\":\"https:\\\/\\\/radikaljetski.com\\\/wp-content\\\/uploads\\\/2023\\\/11\\\/Logo_Radikal.png\",\"contentUrl\":\"https:\\\/\\\/radikaljetski.com\\\/wp-content\\\/uploads\\\/2023\\\/11\\\/Logo_Radikal.png\",\"width\":572,\"height\":572,\"caption\":\"Radikal Jet Ski\"},\"image\":{\"@id\":\"https:\\\/\\\/radikaljetski.com\\\/#\\\/schema\\\/logo\\\/image\\\/\"},\"sameAs\":[\"https:\\\/\\\/www.facebook.com\\\/Radikal-Jet-Ski-961774450591967\\\/\",\"https:\\\/\\\/www.instagram.com\\\/radikal.jetski\\\/\"]}]}<\/script>\n<!-- \/ Yoast SEO plugin. -->","yoast_head_json":{"title":"Crazy Ufo & Twister - Radikal Jet Ski","robots":{"index":"index","follow":"follow","max-snippet":"max-snippet:-1","max-image-preview":"max-image-preview:large","max-video-preview":"max-video-preview:-1"},"canonical":"https:\/\/radikaljetski.com\/es\/product\/crazy-ufo-banana-boat\/","og_locale":"es_ES","og_type":"article","og_title":"Crazy Ufo & Twister - Radikal Jet Ski","og_description":"\u00a1Experimenta la Emoci\u00f3n del Crazy UFO en Radikal Jet Ski en Tenerife! Sum\u00e9rgete en el coraz\u00f3n de la emoci\u00f3n y abraza la aventura de tu vida con el Crazy UFO en Radikal Jet Ski, el destino n\u00famero uno de deportes acu\u00e1ticos en Tenerife. Ubicada en el impresionante Puerto Col\u00f3n, Playa de las Am\u00e9ricas, nuestra experiencia [&hellip;]","og_url":"https:\/\/radikaljetski.com\/es\/product\/crazy-ufo-banana-boat\/","og_site_name":"Radikal Jet Ski","article_publisher":"https:\/\/www.facebook.com\/Radikal-Jet-Ski-961774450591967\/","article_modified_time":"2024-04-24T15:19:22+00:00","og_image":[{"width":1200,"height":800,"url":"https:\/\/radikaljetski.com\/wp-content\/uploads\/2024\/02\/banana-boat-1.jpg","type":"image\/jpeg"}],"twitter_card":"summary_large_image","twitter_misc":{"Tiempo de lectura":"2 minutos"},"schema":{"@context":"https:\/\/schema.org","@graph":[{"@type":"WebPage","@id":"https:\/\/radikaljetski.com\/es\/product\/crazy-ufo-banana-boat\/","url":"https:\/\/radikaljetski.com\/es\/product\/crazy-ufo-banana-boat\/","name":"Crazy Ufo & Twister - Radikal Jet Ski","isPartOf":{"@id":"https:\/\/radikaljetski.com\/#website"},"primaryImageOfPage":{"@id":"https:\/\/radikaljetski.com\/es\/product\/crazy-ufo-banana-boat\/#primaryimage"},"image":{"@id":"https:\/\/radikaljetski.com\/es\/product\/crazy-ufo-banana-boat\/#primaryimage"},"thumbnailUrl":"https:\/\/radikaljetski.com\/wp-content\/uploads\/2024\/02\/banana-boat-1.jpg","datePublished":"2024-04-03T15:01:28+00:00","dateModified":"2024-04-24T15:19:22+00:00","breadcrumb":{"@id":"https:\/\/radikaljetski.com\/es\/product\/crazy-ufo-banana-boat\/#breadcrumb"},"inLanguage":"es","potentialAction":[{"@type":"ReadAction","target":["https:\/\/radikaljetski.com\/es\/product\/crazy-ufo-banana-boat\/"]}]},{"@type":"ImageObject","inLanguage":"es","@id":"https:\/\/radikaljetski.com\/es\/product\/crazy-ufo-banana-boat\/#primaryimage","url":"https:\/\/radikaljetski.com\/wp-content\/uploads\/2024\/02\/banana-boat-1.jpg","contentUrl":"https:\/\/radikaljetski.com\/wp-content\/uploads\/2024\/02\/banana-boat-1.jpg","width":1200,"height":800},{"@type":"BreadcrumbList","@id":"https:\/\/radikaljetski.com\/es\/product\/crazy-ufo-banana-boat\/#breadcrumb","itemListElement":[{"@type":"ListItem","position":1,"name":"Home","item":"https:\/\/radikaljetski.com\/"},{"@type":"ListItem","position":2,"name":"Shop","item":"https:\/\/radikaljetski.com\/shop\/"},{"@type":"ListItem","position":3,"name":"Crazy Ufo &#038; Twister"}]},{"@type":"WebSite","@id":"https:\/\/radikaljetski.com\/#website","url":"https:\/\/radikaljetski.com\/","name":"Radikal Jet Ski","description":"Jet Ski Safari Tenerife - Puerto Colon , Costa Adeje.","publisher":{"@id":"https:\/\/radikaljetski.com\/#organization"},"potentialAction":[{"@type":"SearchAction","target":{"@type":"EntryPoint","urlTemplate":"https:\/\/radikaljetski.com\/?s={search_term_string}"},"query-input":{"@type":"PropertyValueSpecification","valueRequired":true,"valueName":"search_term_string"}}],"inLanguage":"es"},{"@type":"Organization","@id":"https:\/\/radikaljetski.com\/#organization","name":"Radikal Jet Ski","url":"https:\/\/radikaljetski.com\/","logo":{"@type":"ImageObject","inLanguage":"es","@id":"https:\/\/radikaljetski.com\/#\/schema\/logo\/image\/","url":"https:\/\/radikaljetski.com\/wp-content\/uploads\/2023\/11\/Logo_Radikal.png","contentUrl":"https:\/\/radikaljetski.com\/wp-content\/uploads\/2023\/11\/Logo_Radikal.png","width":572,"height":572,"caption":"Radikal Jet Ski"},"image":{"@id":"https:\/\/radikaljetski.com\/#\/schema\/logo\/image\/"},"sameAs":["https:\/\/www.facebook.com\/Radikal-Jet-Ski-961774450591967\/","https:\/\/www.instagram.com\/radikal.jetski\/"]}]}},"_links":{"self":[{"href":"https:\/\/radikaljetski.com\/es\/wp-json\/wp\/v2\/product\/1621","targetHints":{"allow":["GET"]}}],"collection":[{"href":"https:\/\/radikaljetski.com\/es\/wp-json\/wp\/v2\/product"}],"about":[{"href":"https:\/\/radikaljetski.com\/es\/wp-json\/wp\/v2\/types\/product"}],"replies":[{"embeddable":true,"href":"https:\/\/radikaljetski.com\/es\/wp-json\/wp\/v2\/comments?post=1621"}],"wp:featuredmedia":[{"embeddable":true,"href":"https:\/\/radikaljetski.com\/es\/wp-json\/wp\/v2\/media\/1622"}],"wp:attachment":[{"href":"https:\/\/radikaljetski.com\/es\/wp-json\/wp\/v2\/media?parent=1621"}],"wp:term":[{"taxonomy":"product_brand","embeddable":true,"href":"https:\/\/radikaljetski.com\/es\/wp-json\/wp\/v2\/product_brand?post=1621"},{"taxonomy":"product_cat","embeddable":true,"href":"https:\/\/radikaljetski.com\/es\/wp-json\/wp\/v2\/product_cat?post=1621"},{"taxonomy":"product_tag","embeddable":true,"href":"https:\/\/radikaljetski.com\/es\/wp-json\/wp\/v2\/product_tag?post=1621"}],"curies":[{"name":"wp","href":"https:\/\/api.w.org\/{rel}","templated":true}]}}