{"id":1619,"date":"2024-04-03T15:01:31","date_gmt":"2024-04-03T15:01:31","guid":{"rendered":"https:\/\/radikaljetski.com\/?post_type=product&#038;p=1619"},"modified":"2025-11-05T09:47:29","modified_gmt":"2025-11-05T08:47:29","slug":"radikal-great-tour-40-min","status":"publish","type":"product","link":"https:\/\/radikaljetski.com\/es\/producto\/radikal-great-tour-40-min\/","title":{"rendered":"Gran Tour Radikal \u2013 40 min"},"content":{"rendered":"<p>Sum\u00e9rgete en la <strong>aventura de tu vida<\/strong> con <strong>Radikal Jet Ski<\/strong>, el indiscutible l\u00edder en <strong>diversi\u00f3n acu\u00e1tica en Tenerife<\/strong>! Embarca en un emocionante <strong>Safari de 40 minutos<\/strong> hacia el oeste de la isla, donde te llevaremos cerca de la ic\u00f3nica <strong>Playa La Caleta<\/strong>, cari\u00f1osamente conocida como la <strong>\u201cPlaya Hippie\u201d<\/strong>. Disfruta de las impresionantes vistas y la sensaci\u00f3n liberadora de pilotar tu propio Jet Ski, todo bajo la vigilante gu\u00eda de nuestro experto personal.<\/p>\n<p>Pero, \u00bfpor qu\u00e9 detenerse ah\u00ed? <strong>Radikal Jet Ski<\/strong> ofrece m\u00e1s que un simple paseo; ofrecemos una <strong>aventura<\/strong>. Situados en el magn\u00edfico escenario de <strong>Puerto Col\u00f3n, Playa de las Am\u00e9ricas, Santa Cruz de Tenerife, Espa\u00f1a<\/strong>, nuestras experiencias est\u00e1n dise\u00f1adas para emocionar y encantar. Desde el momento en que aceleras, estar\u00e1s desliz\u00e1ndote sobre las aguas azules, sintiendo la brisa del oc\u00e9ano y testificando la belleza de Tenerife desde una perspectiva \u00fanica.<\/p>\n<p>Ya seas un entusiasta experimentado del jet ski o un principiante ansioso por hacer olas, <strong>Radikal Jet Ski<\/strong> es tu puerta de entrada a una <strong>inolvidable aventura acu\u00e1tica<\/strong>. Nuestro personal amable y profesional est\u00e1 comprometido con tu seguridad y diversi\u00f3n, ofreciendo consejos y apoyo a pilotos de todos los niveles de habilidad.<\/p>\n<p>Lo que nos diferencia no son solo nuestros <strong>jet skis de \u00faltima generaci\u00f3n<\/strong> o nuestra <strong>ubicaci\u00f3n privilegiada<\/strong>, sino nuestra pasi\u00f3n por ofrecer una <strong>experiencia excepcional en deportes acu\u00e1ticos<\/strong>. \u00danete a nosotros en <strong>Radikal Jet Ski<\/strong>, donde el sol brilla m\u00e1s fuerte, el agua brilla con m\u00e1s claridad, y cada paseo es una oportunidad para crear <strong>recuerdos que durar\u00e1n toda la vida<\/strong>.<\/p>\n<p>No te lo tomes solo de nuestra palabra: ven y siente la emoci\u00f3n por ti mismo. Sum\u00e9rgete en la aventura con <strong>Radikal Jet Ski<\/strong> y convierte tu visita a Tenerife en una extraordinaria historia de <strong>aventura, emoci\u00f3n y alegr\u00eda<\/strong>. Reserva tu paseo hoy y prep\u00e1rate para ser arrastrado por la pura emoci\u00f3n de explorar las aguas de Tenerife con <strong>estilo y velocidad<\/strong>. \u00a1<strong>Tu aventura te espera<\/strong>!<\/p>","protected":false},"excerpt":{"rendered":"<p>Sum\u00e9rgete en la aventura de tu vida con Radikal Jet Ski, el indiscutible l\u00edder en diversi\u00f3n acu\u00e1tica en Tenerife! Embarca en un emocionante Safari de 40 minutos hacia el oeste de la isla, donde te llevaremos cerca de la ic\u00f3nica Playa La Caleta, cari\u00f1osamente conocida como la \u201cPlaya Hippie\u201d. Disfruta de las impresionantes vistas y [&hellip;]<\/p>\n","protected":false},"featured_media":1620,"comment_status":"open","ping_status":"closed","template":"","meta":{"_acf_changed":false,"_joinchat":[]},"product_brand":[],"product_cat":[97,80],"product_tag":[],"class_list":{"0":"post-1619","1":"product","2":"type-product","3":"status-publish","4":"has-post-thumbnail","6":"product_cat-jet-ski-es","7":"product_cat-uncategorized-es","9":"first","10":"instock","11":"product-type-external"},"acf":[],"yoast_head":"<!-- This site is optimized with the Yoast SEO plugin v27.4 - https:\/\/yoast.com\/product\/yoast-seo-wordpress\/ -->\n<title>Radikal Great Tour \u2013 40 min - Radikal Jet Ski<\/title>\n<meta name=\"robots\" content=\"index, follow, max-snippet:-1, max-image-preview:large, max-video-preview:-1\" \/>\n<link rel=\"canonical\" href=\"https:\/\/radikaljetski.com\/es\/product\/radikal-great-tour-40-min\/\" \/>\n<meta property=\"og:locale\" content=\"es_ES\" \/>\n<meta property=\"og:type\" content=\"article\" \/>\n<meta property=\"og:title\" content=\"Radikal Great Tour \u2013 40 min - Radikal Jet Ski\" \/>\n<meta property=\"og:description\" content=\"Sum\u00e9rgete en la aventura de tu vida con Radikal Jet Ski, el indiscutible l\u00edder en diversi\u00f3n acu\u00e1tica en Tenerife! Embarca en un emocionante Safari de 40 minutos hacia el oeste de la isla, donde te llevaremos cerca de la ic\u00f3nica Playa La Caleta, cari\u00f1osamente conocida como la \u201cPlaya Hippie\u201d. Disfruta de las impresionantes vistas y [&hellip;]\" \/>\n<meta property=\"og:url\" content=\"https:\/\/radikaljetski.com\/es\/product\/radikal-great-tour-40-min\/\" \/>\n<meta property=\"og:site_name\" content=\"Radikal Jet Ski\" \/>\n<meta property=\"article:publisher\" content=\"https:\/\/www.facebook.com\/Radikal-Jet-Ski-961774450591967\/\" \/>\n<meta property=\"article:modified_time\" content=\"2025-11-05T08:47:29+00:00\" \/>\n<meta property=\"og:image\" content=\"https:\/\/radikaljetski.com\/wp-content\/uploads\/2024\/04\/radikal-tour-1.jpg\" \/>\n\t<meta property=\"og:image:width\" content=\"1200\" \/>\n\t<meta property=\"og:image:height\" content=\"800\" \/>\n\t<meta property=\"og:image:type\" content=\"image\/jpeg\" \/>\n<meta name=\"twitter:card\" content=\"summary_large_image\" \/>\n<meta name=\"twitter:label1\" content=\"Tiempo de lectura\" \/>\n\t<meta name=\"twitter:data1\" content=\"2 minutos\" \/>\n<script type=\"application\/ld+json\" class=\"yoast-schema-graph\">{\"@context\":\"https:\\\/\\\/schema.org\",\"@graph\":[{\"@type\":\"WebPage\",\"@id\":\"https:\\\/\\\/radikaljetski.com\\\/es\\\/product\\\/radikal-great-tour-40-min\\\/\",\"url\":\"https:\\\/\\\/radikaljetski.com\\\/es\\\/product\\\/radikal-great-tour-40-min\\\/\",\"name\":\"Radikal Great Tour \u2013 40 min - Radikal Jet Ski\",\"isPartOf\":{\"@id\":\"https:\\\/\\\/radikaljetski.com\\\/#website\"},\"primaryImageOfPage\":{\"@id\":\"https:\\\/\\\/radikaljetski.com\\\/es\\\/product\\\/radikal-great-tour-40-min\\\/#primaryimage\"},\"image\":{\"@id\":\"https:\\\/\\\/radikaljetski.com\\\/es\\\/product\\\/radikal-great-tour-40-min\\\/#primaryimage\"},\"thumbnailUrl\":\"https:\\\/\\\/radikaljetski.com\\\/wp-content\\\/uploads\\\/2024\\\/04\\\/radikal-tour-1.jpg\",\"datePublished\":\"2024-04-03T15:01:31+00:00\",\"dateModified\":\"2025-11-05T08:47:29+00:00\",\"breadcrumb\":{\"@id\":\"https:\\\/\\\/radikaljetski.com\\\/es\\\/product\\\/radikal-great-tour-40-min\\\/#breadcrumb\"},\"inLanguage\":\"es\",\"potentialAction\":[{\"@type\":\"ReadAction\",\"target\":[\"https:\\\/\\\/radikaljetski.com\\\/es\\\/product\\\/radikal-great-tour-40-min\\\/\"]}]},{\"@type\":\"ImageObject\",\"inLanguage\":\"es\",\"@id\":\"https:\\\/\\\/radikaljetski.com\\\/es\\\/product\\\/radikal-great-tour-40-min\\\/#primaryimage\",\"url\":\"https:\\\/\\\/radikaljetski.com\\\/wp-content\\\/uploads\\\/2024\\\/04\\\/radikal-tour-1.jpg\",\"contentUrl\":\"https:\\\/\\\/radikaljetski.com\\\/wp-content\\\/uploads\\\/2024\\\/04\\\/radikal-tour-1.jpg\",\"width\":1200,\"height\":800},{\"@type\":\"BreadcrumbList\",\"@id\":\"https:\\\/\\\/radikaljetski.com\\\/es\\\/product\\\/radikal-great-tour-40-min\\\/#breadcrumb\",\"itemListElement\":[{\"@type\":\"ListItem\",\"position\":1,\"name\":\"Home\",\"item\":\"https:\\\/\\\/radikaljetski.com\\\/\"},{\"@type\":\"ListItem\",\"position\":2,\"name\":\"Shop\",\"item\":\"https:\\\/\\\/radikaljetski.com\\\/shop\\\/\"},{\"@type\":\"ListItem\",\"position\":3,\"name\":\"Radikal Great Tour \u2013 40 min\"}]},{\"@type\":\"WebSite\",\"@id\":\"https:\\\/\\\/radikaljetski.com\\\/#website\",\"url\":\"https:\\\/\\\/radikaljetski.com\\\/\",\"name\":\"Radikal Jet Ski\",\"description\":\"Jet Ski Safari Tenerife - Puerto Colon , Costa Adeje.\",\"publisher\":{\"@id\":\"https:\\\/\\\/radikaljetski.com\\\/#organization\"},\"potentialAction\":[{\"@type\":\"SearchAction\",\"target\":{\"@type\":\"EntryPoint\",\"urlTemplate\":\"https:\\\/\\\/radikaljetski.com\\\/?s={search_term_string}\"},\"query-input\":{\"@type\":\"PropertyValueSpecification\",\"valueRequired\":true,\"valueName\":\"search_term_string\"}}],\"inLanguage\":\"es\"},{\"@type\":\"Organization\",\"@id\":\"https:\\\/\\\/radikaljetski.com\\\/#organization\",\"name\":\"Radikal Jet Ski\",\"url\":\"https:\\\/\\\/radikaljetski.com\\\/\",\"logo\":{\"@type\":\"ImageObject\",\"inLanguage\":\"es\",\"@id\":\"https:\\\/\\\/radikaljetski.com\\\/#\\\/schema\\\/logo\\\/image\\\/\",\"url\":\"https:\\\/\\\/radikaljetski.com\\\/wp-content\\\/uploads\\\/2023\\\/11\\\/Logo_Radikal.png\",\"contentUrl\":\"https:\\\/\\\/radikaljetski.com\\\/wp-content\\\/uploads\\\/2023\\\/11\\\/Logo_Radikal.png\",\"width\":572,\"height\":572,\"caption\":\"Radikal Jet Ski\"},\"image\":{\"@id\":\"https:\\\/\\\/radikaljetski.com\\\/#\\\/schema\\\/logo\\\/image\\\/\"},\"sameAs\":[\"https:\\\/\\\/www.facebook.com\\\/Radikal-Jet-Ski-961774450591967\\\/\",\"https:\\\/\\\/www.instagram.com\\\/radikal.jetski\\\/\"]}]}<\/script>\n<!-- \/ Yoast SEO plugin. -->","yoast_head_json":{"title":"Radikal Great Tour \u2013 40 min - Radikal Jet Ski","robots":{"index":"index","follow":"follow","max-snippet":"max-snippet:-1","max-image-preview":"max-image-preview:large","max-video-preview":"max-video-preview:-1"},"canonical":"https:\/\/radikaljetski.com\/es\/product\/radikal-great-tour-40-min\/","og_locale":"es_ES","og_type":"article","og_title":"Radikal Great Tour \u2013 40 min - Radikal Jet Ski","og_description":"Sum\u00e9rgete en la aventura de tu vida con Radikal Jet Ski, el indiscutible l\u00edder en diversi\u00f3n acu\u00e1tica en Tenerife! Embarca en un emocionante Safari de 40 minutos hacia el oeste de la isla, donde te llevaremos cerca de la ic\u00f3nica Playa La Caleta, cari\u00f1osamente conocida como la \u201cPlaya Hippie\u201d. Disfruta de las impresionantes vistas y [&hellip;]","og_url":"https:\/\/radikaljetski.com\/es\/product\/radikal-great-tour-40-min\/","og_site_name":"Radikal Jet Ski","article_publisher":"https:\/\/www.facebook.com\/Radikal-Jet-Ski-961774450591967\/","article_modified_time":"2025-11-05T08:47:29+00:00","og_image":[{"width":1200,"height":800,"url":"https:\/\/radikaljetski.com\/wp-content\/uploads\/2024\/04\/radikal-tour-1.jpg","type":"image\/jpeg"}],"twitter_card":"summary_large_image","twitter_misc":{"Tiempo de lectura":"2 minutos"},"schema":{"@context":"https:\/\/schema.org","@graph":[{"@type":"WebPage","@id":"https:\/\/radikaljetski.com\/es\/product\/radikal-great-tour-40-min\/","url":"https:\/\/radikaljetski.com\/es\/product\/radikal-great-tour-40-min\/","name":"Radikal Great Tour \u2013 40 min - Radikal Jet Ski","isPartOf":{"@id":"https:\/\/radikaljetski.com\/#website"},"primaryImageOfPage":{"@id":"https:\/\/radikaljetski.com\/es\/product\/radikal-great-tour-40-min\/#primaryimage"},"image":{"@id":"https:\/\/radikaljetski.com\/es\/product\/radikal-great-tour-40-min\/#primaryimage"},"thumbnailUrl":"https:\/\/radikaljetski.com\/wp-content\/uploads\/2024\/04\/radikal-tour-1.jpg","datePublished":"2024-04-03T15:01:31+00:00","dateModified":"2025-11-05T08:47:29+00:00","breadcrumb":{"@id":"https:\/\/radikaljetski.com\/es\/product\/radikal-great-tour-40-min\/#breadcrumb"},"inLanguage":"es","potentialAction":[{"@type":"ReadAction","target":["https:\/\/radikaljetski.com\/es\/product\/radikal-great-tour-40-min\/"]}]},{"@type":"ImageObject","inLanguage":"es","@id":"https:\/\/radikaljetski.com\/es\/product\/radikal-great-tour-40-min\/#primaryimage","url":"https:\/\/radikaljetski.com\/wp-content\/uploads\/2024\/04\/radikal-tour-1.jpg","contentUrl":"https:\/\/radikaljetski.com\/wp-content\/uploads\/2024\/04\/radikal-tour-1.jpg","width":1200,"height":800},{"@type":"BreadcrumbList","@id":"https:\/\/radikaljetski.com\/es\/product\/radikal-great-tour-40-min\/#breadcrumb","itemListElement":[{"@type":"ListItem","position":1,"name":"Home","item":"https:\/\/radikaljetski.com\/"},{"@type":"ListItem","position":2,"name":"Shop","item":"https:\/\/radikaljetski.com\/shop\/"},{"@type":"ListItem","position":3,"name":"Radikal Great Tour \u2013 40 min"}]},{"@type":"WebSite","@id":"https:\/\/radikaljetski.com\/#website","url":"https:\/\/radikaljetski.com\/","name":"Radikal Jet Ski","description":"Jet Ski Safari Tenerife - Puerto Colon , Costa Adeje.","publisher":{"@id":"https:\/\/radikaljetski.com\/#organization"},"potentialAction":[{"@type":"SearchAction","target":{"@type":"EntryPoint","urlTemplate":"https:\/\/radikaljetski.com\/?s={search_term_string}"},"query-input":{"@type":"PropertyValueSpecification","valueRequired":true,"valueName":"search_term_string"}}],"inLanguage":"es"},{"@type":"Organization","@id":"https:\/\/radikaljetski.com\/#organization","name":"Radikal Jet Ski","url":"https:\/\/radikaljetski.com\/","logo":{"@type":"ImageObject","inLanguage":"es","@id":"https:\/\/radikaljetski.com\/#\/schema\/logo\/image\/","url":"https:\/\/radikaljetski.com\/wp-content\/uploads\/2023\/11\/Logo_Radikal.png","contentUrl":"https:\/\/radikaljetski.com\/wp-content\/uploads\/2023\/11\/Logo_Radikal.png","width":572,"height":572,"caption":"Radikal Jet Ski"},"image":{"@id":"https:\/\/radikaljetski.com\/#\/schema\/logo\/image\/"},"sameAs":["https:\/\/www.facebook.com\/Radikal-Jet-Ski-961774450591967\/","https:\/\/www.instagram.com\/radikal.jetski\/"]}]}},"_links":{"self":[{"href":"https:\/\/radikaljetski.com\/es\/wp-json\/wp\/v2\/product\/1619","targetHints":{"allow":["GET"]}}],"collection":[{"href":"https:\/\/radikaljetski.com\/es\/wp-json\/wp\/v2\/product"}],"about":[{"href":"https:\/\/radikaljetski.com\/es\/wp-json\/wp\/v2\/types\/product"}],"replies":[{"embeddable":true,"href":"https:\/\/radikaljetski.com\/es\/wp-json\/wp\/v2\/comments?post=1619"}],"wp:featuredmedia":[{"embeddable":true,"href":"https:\/\/radikaljetski.com\/es\/wp-json\/wp\/v2\/media\/1620"}],"wp:attachment":[{"href":"https:\/\/radikaljetski.com\/es\/wp-json\/wp\/v2\/media?parent=1619"}],"wp:term":[{"taxonomy":"product_brand","embeddable":true,"href":"https:\/\/radikaljetski.com\/es\/wp-json\/wp\/v2\/product_brand?post=1619"},{"taxonomy":"product_cat","embeddable":true,"href":"https:\/\/radikaljetski.com\/es\/wp-json\/wp\/v2\/product_cat?post=1619"},{"taxonomy":"product_tag","embeddable":true,"href":"https:\/\/radikaljetski.com\/es\/wp-json\/wp\/v2\/product_tag?post=1619"}],"curies":[{"name":"wp","href":"https:\/\/api.w.org\/{rel}","templated":true}]}}