{"id":1608,"date":"2024-04-03T14:55:13","date_gmt":"2024-04-03T14:55:13","guid":{"rendered":"https:\/\/radikaljetski.com\/?post_type=product&#038;p=1608"},"modified":"2026-02-23T11:59:22","modified_gmt":"2026-02-23T10:59:22","slug":"full-discovery-bay-2hrs","status":"publish","type":"product","link":"https:\/\/radikaljetski.com\/es\/producto\/full-discovery-bay-2hrs\/","title":{"rendered":"Full Discovery Bay &#8211; 2hrs"},"content":{"rendered":"<p><span style=\"color: #ff0000;\"><strong>AVISO: las visitas de dos horas s\u00f3lo est\u00e1n disponibles a las 12:00 y a las 16:00.<\/strong><\/span><\/p>\n<p>Emb\u00e1rcate en una emocionante aventura con <strong>Radikal Jet Ski<\/strong>, el l\u00edder indiscutible en entretenimiento acu\u00e1tico en Tenerife, y sum\u00e9rgete en el coraz\u00f3n de la emoci\u00f3n oce\u00e1nica. Zarpa desde el impresionante <strong>Puerto Col\u00f3n, Playa de las Am\u00e9ricas<\/strong>, en el vibrante coraz\u00f3n de <strong>Santa Cruz de Tenerife, Espa\u00f1a<\/strong>, y prep\u00e1rate para un viaje inolvidable a trav\u00e9s de las chispeantes aguas del Atl\u00e1ntico.<!--more--><\/p>\n<p>Nuestro viaje comienza con un recorrido hacia el norte de la isla, donde la magn\u00edfica costa de <strong>Palm Mar<\/strong> te espera, desvelando sus impresionantes paisajes y serena belleza. La aventura cobra impulso mientras nos dirigimos hacia el oeste, gui\u00e1ndote hacia la renombrada <strong>Playa Caleta<\/strong>, cari\u00f1osamente conocida como &#8220;<strong>Playa Hippie<\/strong>&#8220;. Aqu\u00ed, el esp\u00edritu de libertad y alegr\u00eda impregna el aire, invit\u00e1ndote a deleitarte en la vibrante cultura y pintorescas vistas.<\/p>\n<p>Pero la aventura no termina aqu\u00ed. Intensificamos la emoci\u00f3n navegando hasta la encantadora <strong>Bah\u00eda de El Puertito<\/strong>, una joya escondida donde las aguas turquesas se encuentran con arenas doradas, creando un para\u00edso para el alma.<\/p>\n<p>En Radikal Jet Ski, no solo ofrecemos alquileres de motos de agua; ofrecemos una experiencia que va m\u00e1s all\u00e1 de lo ordinario. Ya sea que busques una descarga de adrenalina o un tranquilo escape hacia las maravillas de la naturaleza, nuestros tours est\u00e1n dise\u00f1ados para satisfacer el sue\u00f1o de cada aventurero. Con equipos de primera l\u00ednea y un equipo de gu\u00edas experimentados, tu seguridad y disfrute son nuestras principales prioridades.<\/p>\n<p>Sum\u00e9rgete en el magn\u00edfico escenario de <strong>Puerto Col\u00f3n<\/strong>, donde la fusi\u00f3n de emocionantes paseos en moto de agua y la belleza de la costa de Tenerife promete una aventura inolvidable. No pierdas la oportunidad de surcar olas, sentir la brisa del oc\u00e9ano y descubrir playas aisladas y calas escondidas.<\/p>\n<p>\u00danete a nosotros en <strong>Radikal Jet Ski<\/strong> y transforma tus vacaciones en Tenerife en una extraordinaria historia de aventura, libertad y recuerdos inolvidables. Ya seas un buscador de emociones o un amante de la naturaleza, nuestros tours en moto de agua ofrecen la mezcla perfecta de excitaci\u00f3n y belleza, asegurando que tu experiencia sea nada menos que espectacular.<\/p>\n<p>Atr\u00e9vete a vivir la aventura con <strong>Radikal Jet Ski<\/strong> \u2013 donde cada viaje es una historia esperando ser contada. Reserva tu viaje hoy y deja que las olas te gu\u00eden al coraz\u00f3n del esplendor de Tenerife.<\/p>","protected":false},"excerpt":{"rendered":"<p>AVISO: las visitas de dos horas s\u00f3lo est\u00e1n disponibles a las 12:00 y a las 16:00. Emb\u00e1rcate en una emocionante aventura con Radikal Jet Ski, el l\u00edder indiscutible en entretenimiento acu\u00e1tico en Tenerife, y sum\u00e9rgete en el coraz\u00f3n de la emoci\u00f3n oce\u00e1nica. Zarpa desde el impresionante Puerto Col\u00f3n, Playa de las Am\u00e9ricas, en el vibrante [&hellip;]<\/p>\n","protected":false},"featured_media":1609,"comment_status":"open","ping_status":"closed","template":"","meta":{"_acf_changed":false,"_joinchat":[]},"product_brand":[],"product_cat":[97,80],"product_tag":[],"class_list":{"0":"post-1608","1":"product","2":"type-product","3":"status-publish","4":"has-post-thumbnail","6":"product_cat-jet-ski-es","7":"product_cat-uncategorized-es","9":"first","10":"instock","11":"virtual","12":"purchasable","13":"product-type-simple"},"acf":[],"yoast_head":"<!-- This site is optimized with the Yoast SEO plugin v27.4 - https:\/\/yoast.com\/product\/yoast-seo-wordpress\/ -->\n<title>Full Discovery Bay - 2hrs - Radikal Jet Ski<\/title>\n<meta name=\"robots\" content=\"index, follow, max-snippet:-1, max-image-preview:large, max-video-preview:-1\" \/>\n<link rel=\"canonical\" href=\"https:\/\/radikaljetski.com\/es\/product\/full-discovery-bay-2hrs\/\" \/>\n<meta property=\"og:locale\" content=\"es_ES\" \/>\n<meta property=\"og:type\" content=\"article\" \/>\n<meta property=\"og:title\" content=\"Full Discovery Bay - 2hrs - Radikal Jet Ski\" \/>\n<meta property=\"og:description\" content=\"AVISO: las visitas de dos horas s\u00f3lo est\u00e1n disponibles a las 12:00 y a las 16:00. Emb\u00e1rcate en una emocionante aventura con Radikal Jet Ski, el l\u00edder indiscutible en entretenimiento acu\u00e1tico en Tenerife, y sum\u00e9rgete en el coraz\u00f3n de la emoci\u00f3n oce\u00e1nica. Zarpa desde el impresionante Puerto Col\u00f3n, Playa de las Am\u00e9ricas, en el vibrante [&hellip;]\" \/>\n<meta property=\"og:url\" content=\"https:\/\/radikaljetski.com\/es\/product\/full-discovery-bay-2hrs\/\" \/>\n<meta property=\"og:site_name\" content=\"Radikal Jet Ski\" \/>\n<meta property=\"article:publisher\" content=\"https:\/\/www.facebook.com\/Radikal-Jet-Ski-961774450591967\/\" \/>\n<meta property=\"article:modified_time\" content=\"2026-02-23T10:59:22+00:00\" \/>\n<meta property=\"og:image\" content=\"https:\/\/radikaljetski.com\/wp-content\/uploads\/2023\/11\/Radikal-_Jet_Ski_Tenerife_adeje_canarias_moto_de_agua-1.jpg\" \/>\n\t<meta property=\"og:image:width\" content=\"435\" \/>\n\t<meta property=\"og:image:height\" content=\"288\" \/>\n\t<meta property=\"og:image:type\" content=\"image\/jpeg\" \/>\n<meta name=\"twitter:card\" content=\"summary_large_image\" \/>\n<meta name=\"twitter:label1\" content=\"Tiempo de lectura\" \/>\n\t<meta name=\"twitter:data1\" content=\"2 minutos\" \/>\n<script type=\"application\/ld+json\" class=\"yoast-schema-graph\">{\"@context\":\"https:\\\/\\\/schema.org\",\"@graph\":[{\"@type\":\"WebPage\",\"@id\":\"https:\\\/\\\/radikaljetski.com\\\/es\\\/product\\\/full-discovery-bay-2hrs\\\/\",\"url\":\"https:\\\/\\\/radikaljetski.com\\\/es\\\/product\\\/full-discovery-bay-2hrs\\\/\",\"name\":\"Full Discovery Bay - 2hrs - Radikal Jet Ski\",\"isPartOf\":{\"@id\":\"https:\\\/\\\/radikaljetski.com\\\/#website\"},\"primaryImageOfPage\":{\"@id\":\"https:\\\/\\\/radikaljetski.com\\\/es\\\/product\\\/full-discovery-bay-2hrs\\\/#primaryimage\"},\"image\":{\"@id\":\"https:\\\/\\\/radikaljetski.com\\\/es\\\/product\\\/full-discovery-bay-2hrs\\\/#primaryimage\"},\"thumbnailUrl\":\"https:\\\/\\\/radikaljetski.com\\\/wp-content\\\/uploads\\\/2023\\\/11\\\/Radikal-_Jet_Ski_Tenerife_adeje_canarias_moto_de_agua-1.jpg\",\"datePublished\":\"2024-04-03T14:55:13+00:00\",\"dateModified\":\"2026-02-23T10:59:22+00:00\",\"breadcrumb\":{\"@id\":\"https:\\\/\\\/radikaljetski.com\\\/es\\\/product\\\/full-discovery-bay-2hrs\\\/#breadcrumb\"},\"inLanguage\":\"es\",\"potentialAction\":[{\"@type\":\"ReadAction\",\"target\":[\"https:\\\/\\\/radikaljetski.com\\\/es\\\/product\\\/full-discovery-bay-2hrs\\\/\"]}]},{\"@type\":\"ImageObject\",\"inLanguage\":\"es\",\"@id\":\"https:\\\/\\\/radikaljetski.com\\\/es\\\/product\\\/full-discovery-bay-2hrs\\\/#primaryimage\",\"url\":\"https:\\\/\\\/radikaljetski.com\\\/wp-content\\\/uploads\\\/2023\\\/11\\\/Radikal-_Jet_Ski_Tenerife_adeje_canarias_moto_de_agua-1.jpg\",\"contentUrl\":\"https:\\\/\\\/radikaljetski.com\\\/wp-content\\\/uploads\\\/2023\\\/11\\\/Radikal-_Jet_Ski_Tenerife_adeje_canarias_moto_de_agua-1.jpg\",\"width\":435,\"height\":288},{\"@type\":\"BreadcrumbList\",\"@id\":\"https:\\\/\\\/radikaljetski.com\\\/es\\\/product\\\/full-discovery-bay-2hrs\\\/#breadcrumb\",\"itemListElement\":[{\"@type\":\"ListItem\",\"position\":1,\"name\":\"Home\",\"item\":\"https:\\\/\\\/radikaljetski.com\\\/\"},{\"@type\":\"ListItem\",\"position\":2,\"name\":\"Shop\",\"item\":\"https:\\\/\\\/radikaljetski.com\\\/shop\\\/\"},{\"@type\":\"ListItem\",\"position\":3,\"name\":\"Full Discovery Bay &#8211; 2hrs\"}]},{\"@type\":\"WebSite\",\"@id\":\"https:\\\/\\\/radikaljetski.com\\\/#website\",\"url\":\"https:\\\/\\\/radikaljetski.com\\\/\",\"name\":\"Radikal Jet Ski\",\"description\":\"Jet Ski Safari Tenerife - Puerto Colon , Costa Adeje.\",\"publisher\":{\"@id\":\"https:\\\/\\\/radikaljetski.com\\\/#organization\"},\"potentialAction\":[{\"@type\":\"SearchAction\",\"target\":{\"@type\":\"EntryPoint\",\"urlTemplate\":\"https:\\\/\\\/radikaljetski.com\\\/?s={search_term_string}\"},\"query-input\":{\"@type\":\"PropertyValueSpecification\",\"valueRequired\":true,\"valueName\":\"search_term_string\"}}],\"inLanguage\":\"es\"},{\"@type\":\"Organization\",\"@id\":\"https:\\\/\\\/radikaljetski.com\\\/#organization\",\"name\":\"Radikal Jet Ski\",\"url\":\"https:\\\/\\\/radikaljetski.com\\\/\",\"logo\":{\"@type\":\"ImageObject\",\"inLanguage\":\"es\",\"@id\":\"https:\\\/\\\/radikaljetski.com\\\/#\\\/schema\\\/logo\\\/image\\\/\",\"url\":\"https:\\\/\\\/radikaljetski.com\\\/wp-content\\\/uploads\\\/2023\\\/11\\\/Logo_Radikal.png\",\"contentUrl\":\"https:\\\/\\\/radikaljetski.com\\\/wp-content\\\/uploads\\\/2023\\\/11\\\/Logo_Radikal.png\",\"width\":572,\"height\":572,\"caption\":\"Radikal Jet Ski\"},\"image\":{\"@id\":\"https:\\\/\\\/radikaljetski.com\\\/#\\\/schema\\\/logo\\\/image\\\/\"},\"sameAs\":[\"https:\\\/\\\/www.facebook.com\\\/Radikal-Jet-Ski-961774450591967\\\/\",\"https:\\\/\\\/www.instagram.com\\\/radikal.jetski\\\/\"]}]}<\/script>\n<!-- \/ Yoast SEO plugin. -->","yoast_head_json":{"title":"Full Discovery Bay - 2hrs - Radikal Jet Ski","robots":{"index":"index","follow":"follow","max-snippet":"max-snippet:-1","max-image-preview":"max-image-preview:large","max-video-preview":"max-video-preview:-1"},"canonical":"https:\/\/radikaljetski.com\/es\/product\/full-discovery-bay-2hrs\/","og_locale":"es_ES","og_type":"article","og_title":"Full Discovery Bay - 2hrs - Radikal Jet Ski","og_description":"AVISO: las visitas de dos horas s\u00f3lo est\u00e1n disponibles a las 12:00 y a las 16:00. Emb\u00e1rcate en una emocionante aventura con Radikal Jet Ski, el l\u00edder indiscutible en entretenimiento acu\u00e1tico en Tenerife, y sum\u00e9rgete en el coraz\u00f3n de la emoci\u00f3n oce\u00e1nica. Zarpa desde el impresionante Puerto Col\u00f3n, Playa de las Am\u00e9ricas, en el vibrante [&hellip;]","og_url":"https:\/\/radikaljetski.com\/es\/product\/full-discovery-bay-2hrs\/","og_site_name":"Radikal Jet Ski","article_publisher":"https:\/\/www.facebook.com\/Radikal-Jet-Ski-961774450591967\/","article_modified_time":"2026-02-23T10:59:22+00:00","og_image":[{"width":435,"height":288,"url":"https:\/\/radikaljetski.com\/wp-content\/uploads\/2023\/11\/Radikal-_Jet_Ski_Tenerife_adeje_canarias_moto_de_agua-1.jpg","type":"image\/jpeg"}],"twitter_card":"summary_large_image","twitter_misc":{"Tiempo de lectura":"2 minutos"},"schema":{"@context":"https:\/\/schema.org","@graph":[{"@type":"WebPage","@id":"https:\/\/radikaljetski.com\/es\/product\/full-discovery-bay-2hrs\/","url":"https:\/\/radikaljetski.com\/es\/product\/full-discovery-bay-2hrs\/","name":"Full Discovery Bay - 2hrs - Radikal Jet Ski","isPartOf":{"@id":"https:\/\/radikaljetski.com\/#website"},"primaryImageOfPage":{"@id":"https:\/\/radikaljetski.com\/es\/product\/full-discovery-bay-2hrs\/#primaryimage"},"image":{"@id":"https:\/\/radikaljetski.com\/es\/product\/full-discovery-bay-2hrs\/#primaryimage"},"thumbnailUrl":"https:\/\/radikaljetski.com\/wp-content\/uploads\/2023\/11\/Radikal-_Jet_Ski_Tenerife_adeje_canarias_moto_de_agua-1.jpg","datePublished":"2024-04-03T14:55:13+00:00","dateModified":"2026-02-23T10:59:22+00:00","breadcrumb":{"@id":"https:\/\/radikaljetski.com\/es\/product\/full-discovery-bay-2hrs\/#breadcrumb"},"inLanguage":"es","potentialAction":[{"@type":"ReadAction","target":["https:\/\/radikaljetski.com\/es\/product\/full-discovery-bay-2hrs\/"]}]},{"@type":"ImageObject","inLanguage":"es","@id":"https:\/\/radikaljetski.com\/es\/product\/full-discovery-bay-2hrs\/#primaryimage","url":"https:\/\/radikaljetski.com\/wp-content\/uploads\/2023\/11\/Radikal-_Jet_Ski_Tenerife_adeje_canarias_moto_de_agua-1.jpg","contentUrl":"https:\/\/radikaljetski.com\/wp-content\/uploads\/2023\/11\/Radikal-_Jet_Ski_Tenerife_adeje_canarias_moto_de_agua-1.jpg","width":435,"height":288},{"@type":"BreadcrumbList","@id":"https:\/\/radikaljetski.com\/es\/product\/full-discovery-bay-2hrs\/#breadcrumb","itemListElement":[{"@type":"ListItem","position":1,"name":"Home","item":"https:\/\/radikaljetski.com\/"},{"@type":"ListItem","position":2,"name":"Shop","item":"https:\/\/radikaljetski.com\/shop\/"},{"@type":"ListItem","position":3,"name":"Full Discovery Bay &#8211; 2hrs"}]},{"@type":"WebSite","@id":"https:\/\/radikaljetski.com\/#website","url":"https:\/\/radikaljetski.com\/","name":"Radikal Jet Ski","description":"Jet Ski Safari Tenerife - Puerto Colon , Costa Adeje.","publisher":{"@id":"https:\/\/radikaljetski.com\/#organization"},"potentialAction":[{"@type":"SearchAction","target":{"@type":"EntryPoint","urlTemplate":"https:\/\/radikaljetski.com\/?s={search_term_string}"},"query-input":{"@type":"PropertyValueSpecification","valueRequired":true,"valueName":"search_term_string"}}],"inLanguage":"es"},{"@type":"Organization","@id":"https:\/\/radikaljetski.com\/#organization","name":"Radikal Jet Ski","url":"https:\/\/radikaljetski.com\/","logo":{"@type":"ImageObject","inLanguage":"es","@id":"https:\/\/radikaljetski.com\/#\/schema\/logo\/image\/","url":"https:\/\/radikaljetski.com\/wp-content\/uploads\/2023\/11\/Logo_Radikal.png","contentUrl":"https:\/\/radikaljetski.com\/wp-content\/uploads\/2023\/11\/Logo_Radikal.png","width":572,"height":572,"caption":"Radikal Jet Ski"},"image":{"@id":"https:\/\/radikaljetski.com\/#\/schema\/logo\/image\/"},"sameAs":["https:\/\/www.facebook.com\/Radikal-Jet-Ski-961774450591967\/","https:\/\/www.instagram.com\/radikal.jetski\/"]}]}},"_links":{"self":[{"href":"https:\/\/radikaljetski.com\/es\/wp-json\/wp\/v2\/product\/1608","targetHints":{"allow":["GET"]}}],"collection":[{"href":"https:\/\/radikaljetski.com\/es\/wp-json\/wp\/v2\/product"}],"about":[{"href":"https:\/\/radikaljetski.com\/es\/wp-json\/wp\/v2\/types\/product"}],"replies":[{"embeddable":true,"href":"https:\/\/radikaljetski.com\/es\/wp-json\/wp\/v2\/comments?post=1608"}],"wp:featuredmedia":[{"embeddable":true,"href":"https:\/\/radikaljetski.com\/es\/wp-json\/wp\/v2\/media\/1609"}],"wp:attachment":[{"href":"https:\/\/radikaljetski.com\/es\/wp-json\/wp\/v2\/media?parent=1608"}],"wp:term":[{"taxonomy":"product_brand","embeddable":true,"href":"https:\/\/radikaljetski.com\/es\/wp-json\/wp\/v2\/product_brand?post=1608"},{"taxonomy":"product_cat","embeddable":true,"href":"https:\/\/radikaljetski.com\/es\/wp-json\/wp\/v2\/product_cat?post=1608"},{"taxonomy":"product_tag","embeddable":true,"href":"https:\/\/radikaljetski.com\/es\/wp-json\/wp\/v2\/product_tag?post=1608"}],"curies":[{"name":"wp","href":"https:\/\/api.w.org\/{rel}","templated":true}]}}